{"id":791,"date":"2020-10-25T22:02:24","date_gmt":"2020-10-25T19:02:24","guid":{"rendered":"http:\/\/www.eximsel.com\/?page_id=791"},"modified":"2020-10-25T22:04:29","modified_gmt":"2020-10-25T19:04:29","slug":"sms-smms","status":"publish","type":"page","link":"https:\/\/www.eximsel.com\/index.php\/ana-sayfa\/urunlerimiz\/endustriyel-dokumasiz-tekstiller\/sms-smms\/","title":{"rendered":"SMS &#8211; SMMS"},"content":{"rendered":"\n<p>\u00dcr\u00fcn portf\u00f6y\u00fcm\u00fczde yer alan SMS (Spunbond-Meltblown-Spunbond) ve SMMS (Spunbond-Meltblown-Meltblown-Spunbond) non-woven kuma\u015flar spunbond ve meltblown kuma\u015flar\u0131 birle\u015ftiren bir dokumas\u0131z (non-woven) kuma\u015f t\u00fcr\u00fcd\u00fcr.<\/p>\n\n\n\n<p>Bu kuma\u015flar medikal sekt\u00f6r\u00fcnde cerrahi setlerden di\u011fer hastane tekstillerine kadar farkl\u0131 bir \u00e7ok alanda kullan\u0131ma sahiptir.<\/p>\n\n\n\n<div class=\"wp-block-image\"><figure class=\"aligncenter size-full\"><img fetchpriority=\"high\" decoding=\"async\" width=\"570\" height=\"345\" src=\"http:\/\/www.eximsel.com\/wp-content\/uploads\/2020\/10\/SMS.jpg\" alt=\"\" class=\"wp-image-792\" srcset=\"https:\/\/www.eximsel.com\/wp-content\/uploads\/2020\/10\/SMS.jpg 570w, https:\/\/www.eximsel.com\/wp-content\/uploads\/2020\/10\/SMS-300x182.jpg 300w\" sizes=\"(max-width: 570px) 100vw, 570px\" \/><\/figure><\/div>\n\n\n\n<p><\/p>\n","protected":false},"excerpt":{"rendered":"<p>\u00dcr\u00fcn portf\u00f6y\u00fcm\u00fczde yer alan SMS (Spunbond-Meltblown-Spunbond) ve SMMS (Spunbond-Meltblown-Meltblown-Spunbond) non-woven kuma\u015flar spunbond ve meltblown kuma\u015flar\u0131 birle\u015ftiren bir dokumas\u0131z (non-woven) kuma\u015f t\u00fcr\u00fcd\u00fcr. Bu kuma\u015flar medikal sekt\u00f6r\u00fcnde cerrahi setlerden di\u011fer hastane tekstillerine kadar farkl\u0131 bir \u00e7ok alanda kullan\u0131ma sahiptir.<\/p>\n","protected":false},"author":1,"featured_media":0,"parent":743,"menu_order":2,"comment_status":"closed","ping_status":"closed","template":"full-width.php","meta":{"footnotes":""},"class_list":["post-791","page","type-page","status-publish","hentry"],"_links":{"self":[{"href":"https:\/\/www.eximsel.com\/index.php\/wp-json\/wp\/v2\/pages\/791","targetHints":{"allow":["GET"]}}],"collection":[{"href":"https:\/\/www.eximsel.com\/index.php\/wp-json\/wp\/v2\/pages"}],"about":[{"href":"https:\/\/www.eximsel.com\/index.php\/wp-json\/wp\/v2\/types\/page"}],"author":[{"embeddable":true,"href":"https:\/\/www.eximsel.com\/index.php\/wp-json\/wp\/v2\/users\/1"}],"replies":[{"embeddable":true,"href":"https:\/\/www.eximsel.com\/index.php\/wp-json\/wp\/v2\/comments?post=791"}],"version-history":[{"count":2,"href":"https:\/\/www.eximsel.com\/index.php\/wp-json\/wp\/v2\/pages\/791\/revisions"}],"predecessor-version":[{"id":794,"href":"https:\/\/www.eximsel.com\/index.php\/wp-json\/wp\/v2\/pages\/791\/revisions\/794"}],"up":[{"embeddable":true,"href":"https:\/\/www.eximsel.com\/index.php\/wp-json\/wp\/v2\/pages\/743"}],"wp:attachment":[{"href":"https:\/\/www.eximsel.com\/index.php\/wp-json\/wp\/v2\/media?parent=791"}],"curies":[{"name":"wp","href":"https:\/\/api.w.org\/{rel}","templated":true}]}}