{"id":777,"date":"2020-10-25T19:13:39","date_gmt":"2020-10-25T16:13:39","guid":{"rendered":"http:\/\/www.eximsel.com\/?page_id=777"},"modified":"2020-10-25T19:20:50","modified_gmt":"2020-10-25T16:20:50","slug":"meltblown","status":"publish","type":"page","link":"https:\/\/www.eximsel.com\/index.php\/ana-sayfa\/urunlerimiz\/endustriyel-dokumasiz-tekstiller\/meltblown\/","title":{"rendered":"Meltblown"},"content":{"rendered":"\n<p>Meltblown, bir polimer eriyi\u011finin y\u00fcksek h\u0131zl\u0131 \u00fcfleme gaz\u0131 ile \u00e7evrili k\u00fc\u00e7\u00fck nozullardan ekstr\u00fcde edildi\u011fi bir mikro ve nanofiber \u00fcretim y\u00f6ntemidir. Spunbond (Tela) kuma\u015f\u0131nda oldu\u011fu gibi m\u00fc\u015fteri tercihine ba\u011fl\u0131 olarak \u00e7e\u015fitli ebat ve gramajlarda \u00fcretilebilmektedir.<\/p>\n\n\n\n<p>UV katk\u0131l\u0131, anti statik, hidrofilik ve yanma geciktirici gibi \u00f6zellikleri bulunmaktad\u0131r.<\/p>\n\n\n\n<figure class=\"wp-block-gallery columns-2 is-cropped wp-block-gallery-1 is-layout-flex wp-block-gallery-is-layout-flex\"><ul class=\"blocks-gallery-grid\"><li class=\"blocks-gallery-item\"><figure><img fetchpriority=\"high\" decoding=\"async\" width=\"624\" height=\"624\" src=\"http:\/\/www.eximsel.com\/wp-content\/uploads\/2020\/10\/SP-2020-3_1.jpeg\" alt=\"\" data-id=\"750\" data-full-url=\"http:\/\/www.eximsel.com\/wp-content\/uploads\/2020\/10\/SP-2020-3_1.jpeg\" data-link=\"http:\/\/www.eximsel.com\/index.php\/ana-sayfa\/urunlerimiz\/endustriyel-dokumasiz-tekstiller\/spunbond-tela\/sp-2020-3_1\/\" class=\"wp-image-750\" srcset=\"https:\/\/www.eximsel.com\/wp-content\/uploads\/2020\/10\/SP-2020-3_1.jpeg 624w, https:\/\/www.eximsel.com\/wp-content\/uploads\/2020\/10\/SP-2020-3_1-300x300.jpeg 300w, https:\/\/www.eximsel.com\/wp-content\/uploads\/2020\/10\/SP-2020-3_1-150x150.jpeg 150w\" sizes=\"(max-width: 624px) 100vw, 624px\" \/><\/figure><\/li><li class=\"blocks-gallery-item\"><figure><img decoding=\"async\" width=\"624\" height=\"624\" src=\"http:\/\/www.eximsel.com\/wp-content\/uploads\/2020\/10\/SP-2020-2_1.jpeg\" alt=\"\" data-id=\"749\" data-full-url=\"http:\/\/www.eximsel.com\/wp-content\/uploads\/2020\/10\/SP-2020-2_1.jpeg\" data-link=\"http:\/\/www.eximsel.com\/index.php\/ana-sayfa\/urunlerimiz\/endustriyel-dokumasiz-tekstiller\/spunbond-tela\/sp-2020-2_1\/\" class=\"wp-image-749\" srcset=\"https:\/\/www.eximsel.com\/wp-content\/uploads\/2020\/10\/SP-2020-2_1.jpeg 624w, https:\/\/www.eximsel.com\/wp-content\/uploads\/2020\/10\/SP-2020-2_1-300x300.jpeg 300w, https:\/\/www.eximsel.com\/wp-content\/uploads\/2020\/10\/SP-2020-2_1-150x150.jpeg 150w\" sizes=\"(max-width: 624px) 100vw, 624px\" \/><\/figure><\/li><\/ul><\/figure>\n","protected":false},"excerpt":{"rendered":"<p>Meltblown, bir polimer eriyi\u011finin y\u00fcksek h\u0131zl\u0131 \u00fcfleme gaz\u0131 ile \u00e7evrili k\u00fc\u00e7\u00fck nozullardan ekstr\u00fcde edildi\u011fi bir mikro ve nanofiber \u00fcretim y\u00f6ntemidir. Spunbond (Tela) kuma\u015f\u0131nda oldu\u011fu gibi m\u00fc\u015fteri tercihine ba\u011fl\u0131 olarak \u00e7e\u015fitli ebat ve gramajlarda \u00fcretilebilmektedir. UV katk\u0131l\u0131, anti statik, hidrofilik ve yanma geciktirici gibi \u00f6zellikleri bulunmaktad\u0131r.<\/p>\n","protected":false},"author":1,"featured_media":0,"parent":743,"menu_order":1,"comment_status":"closed","ping_status":"closed","template":"full-width.php","meta":{"footnotes":""},"class_list":["post-777","page","type-page","status-publish","hentry"],"_links":{"self":[{"href":"https:\/\/www.eximsel.com\/index.php\/wp-json\/wp\/v2\/pages\/777","targetHints":{"allow":["GET"]}}],"collection":[{"href":"https:\/\/www.eximsel.com\/index.php\/wp-json\/wp\/v2\/pages"}],"about":[{"href":"https:\/\/www.eximsel.com\/index.php\/wp-json\/wp\/v2\/types\/page"}],"author":[{"embeddable":true,"href":"https:\/\/www.eximsel.com\/index.php\/wp-json\/wp\/v2\/users\/1"}],"replies":[{"embeddable":true,"href":"https:\/\/www.eximsel.com\/index.php\/wp-json\/wp\/v2\/comments?post=777"}],"version-history":[{"count":2,"href":"https:\/\/www.eximsel.com\/index.php\/wp-json\/wp\/v2\/pages\/777\/revisions"}],"predecessor-version":[{"id":783,"href":"https:\/\/www.eximsel.com\/index.php\/wp-json\/wp\/v2\/pages\/777\/revisions\/783"}],"up":[{"embeddable":true,"href":"https:\/\/www.eximsel.com\/index.php\/wp-json\/wp\/v2\/pages\/743"}],"wp:attachment":[{"href":"https:\/\/www.eximsel.com\/index.php\/wp-json\/wp\/v2\/media?parent=777"}],"curies":[{"name":"wp","href":"https:\/\/api.w.org\/{rel}","templated":true}]}}