{"id":747,"date":"2020-10-25T17:21:48","date_gmt":"2020-10-25T14:21:48","guid":{"rendered":"http:\/\/www.eximsel.com\/?page_id=747"},"modified":"2020-10-25T19:14:17","modified_gmt":"2020-10-25T16:14:17","slug":"spunbond-tela","status":"publish","type":"page","link":"https:\/\/www.eximsel.com\/index.php\/ana-sayfa\/urunlerimiz\/endustriyel-dokumasiz-tekstiller\/spunbond-tela\/","title":{"rendered":"Spunbond (Tela)"},"content":{"rendered":"\n<p>Spunbond (tela) tekstil sanayisinde \u00e7ok \u00e7e\u015fitli uygulamalarda kullan\u0131lan ve dokumas\u0131z (non-woven, dokuma i\u015flemi yap\u0131lmam\u0131\u015f) olarak tan\u0131mlanan bir tekstil kuma\u015f t\u00fcr\u00fcd\u00fcr.<\/p>\n\n\n\n<p>Spunbond (tela) Polipropilen (PP) ve Polyester malzemeden \u00fcretilebildi\u011fi gibi m\u00fc\u015fteri tercihine ba\u011fl\u0131 olarak \u00e7e\u015fitli ebat ve gramajlarda \u00fcretilebilmektedir.<\/p>\n\n\n\n<p>UV katk\u0131l\u0131, anti statik, hidrofilik ve yanma geciktirici gibi \u00f6zellikleri bulunmaktad\u0131r.<\/p>\n\n\n\n<figure class=\"wp-block-gallery columns-2 is-cropped wp-block-gallery-1 is-layout-flex wp-block-gallery-is-layout-flex\"><ul class=\"blocks-gallery-grid\"><li class=\"blocks-gallery-item\"><figure><img fetchpriority=\"high\" decoding=\"async\" width=\"624\" height=\"624\" src=\"http:\/\/www.eximsel.com\/wp-content\/uploads\/2020\/10\/SP-2020-3_1.jpeg\" alt=\"\" data-id=\"750\" data-full-url=\"http:\/\/www.eximsel.com\/wp-content\/uploads\/2020\/10\/SP-2020-3_1.jpeg\" data-link=\"http:\/\/www.eximsel.com\/?attachment_id=750\" class=\"wp-image-750\" srcset=\"https:\/\/www.eximsel.com\/wp-content\/uploads\/2020\/10\/SP-2020-3_1.jpeg 624w, https:\/\/www.eximsel.com\/wp-content\/uploads\/2020\/10\/SP-2020-3_1-300x300.jpeg 300w, https:\/\/www.eximsel.com\/wp-content\/uploads\/2020\/10\/SP-2020-3_1-150x150.jpeg 150w\" sizes=\"(max-width: 624px) 100vw, 624px\" \/><\/figure><\/li><li class=\"blocks-gallery-item\"><figure><img decoding=\"async\" width=\"624\" height=\"624\" src=\"http:\/\/www.eximsel.com\/wp-content\/uploads\/2020\/10\/SP-2020-2_1.jpeg\" alt=\"\" data-id=\"749\" data-full-url=\"http:\/\/www.eximsel.com\/wp-content\/uploads\/2020\/10\/SP-2020-2_1.jpeg\" data-link=\"http:\/\/www.eximsel.com\/?attachment_id=749\" class=\"wp-image-749\" srcset=\"https:\/\/www.eximsel.com\/wp-content\/uploads\/2020\/10\/SP-2020-2_1.jpeg 624w, https:\/\/www.eximsel.com\/wp-content\/uploads\/2020\/10\/SP-2020-2_1-300x300.jpeg 300w, https:\/\/www.eximsel.com\/wp-content\/uploads\/2020\/10\/SP-2020-2_1-150x150.jpeg 150w\" sizes=\"(max-width: 624px) 100vw, 624px\" \/><\/figure><\/li><\/ul><\/figure>\n\n\n\n<p><\/p>\n","protected":false},"excerpt":{"rendered":"<p>Spunbond (tela) tekstil sanayisinde \u00e7ok \u00e7e\u015fitli uygulamalarda kullan\u0131lan ve dokumas\u0131z (non-woven, dokuma i\u015flemi yap\u0131lmam\u0131\u015f) olarak tan\u0131mlanan bir tekstil kuma\u015f t\u00fcr\u00fcd\u00fcr. Spunbond (tela) Polipropilen (PP) ve Polyester malzemeden \u00fcretilebildi\u011fi gibi m\u00fc\u015fteri tercihine ba\u011fl\u0131 olarak \u00e7e\u015fitli ebat ve gramajlarda \u00fcretilebilmektedir. UV katk\u0131l\u0131, anti statik, hidrofilik ve yanma geciktirici gibi \u00f6zellikleri bulunmaktad\u0131r.<\/p>\n","protected":false},"author":1,"featured_media":0,"parent":743,"menu_order":0,"comment_status":"closed","ping_status":"closed","template":"full-width.php","meta":{"footnotes":""},"class_list":["post-747","page","type-page","status-publish","hentry"],"_links":{"self":[{"href":"https:\/\/www.eximsel.com\/index.php\/wp-json\/wp\/v2\/pages\/747","targetHints":{"allow":["GET"]}}],"collection":[{"href":"https:\/\/www.eximsel.com\/index.php\/wp-json\/wp\/v2\/pages"}],"about":[{"href":"https:\/\/www.eximsel.com\/index.php\/wp-json\/wp\/v2\/types\/page"}],"author":[{"embeddable":true,"href":"https:\/\/www.eximsel.com\/index.php\/wp-json\/wp\/v2\/users\/1"}],"replies":[{"embeddable":true,"href":"https:\/\/www.eximsel.com\/index.php\/wp-json\/wp\/v2\/comments?post=747"}],"version-history":[{"count":5,"href":"https:\/\/www.eximsel.com\/index.php\/wp-json\/wp\/v2\/pages\/747\/revisions"}],"predecessor-version":[{"id":779,"href":"https:\/\/www.eximsel.com\/index.php\/wp-json\/wp\/v2\/pages\/747\/revisions\/779"}],"up":[{"embeddable":true,"href":"https:\/\/www.eximsel.com\/index.php\/wp-json\/wp\/v2\/pages\/743"}],"wp:attachment":[{"href":"https:\/\/www.eximsel.com\/index.php\/wp-json\/wp\/v2\/media?parent=747"}],"curies":[{"name":"wp","href":"https:\/\/api.w.org\/{rel}","templated":true}]}}