{"id":724,"date":"2020-04-21T23:43:45","date_gmt":"2020-04-21T20:43:45","guid":{"rendered":"http:\/\/www.eximsel.com\/?page_id=724"},"modified":"2024-05-13T22:10:25","modified_gmt":"2024-05-13T19:10:25","slug":"urunlerimiz","status":"publish","type":"page","link":"https:\/\/www.eximsel.com\/index.php\/ana-sayfa\/urunlerimiz\/","title":{"rendered":"\u00dcr\u00fcnlerimiz"},"content":{"rendered":"\n<p>Standart olarak \u00fcr\u00fcn portf\u00f6y\u00fcm\u00fczde bulunan in\u015faat malzemeleri \u00fc\u00e7 ayr\u0131 kategori olarak a\u015fa\u011f\u0131da yer almaktad\u0131r:<\/p>\n\n\n\n<p class=\"has-medium-font-size\"><strong><a href=\"https:\/\/www.eximsel.com\/index.php\/geotekstil-kece\/\" data-type=\"link\" data-id=\"https:\/\/www.eximsel.com\/index.php\/geotekstil-kece\/\">Geotekstil Ke\u00e7e;<\/a><\/strong><\/p>\n\n\n\n<p class=\"has-medium-font-size\"><strong><a href=\"https:\/\/www.eximsel.com\/index.php\/ana-sayfa\/urunlerimiz\/ambalaj-battaniyesi\/\" data-type=\"page\" data-id=\"904\">Ambalaj Battaniyesi;<\/a><\/strong><\/p>\n\n\n\n<p class=\"has-medium-font-size\"><strong><a href=\"https:\/\/www.eximsel.com\/index.php\/ana-sayfa\/urunlerimiz\/endustriyel-dokumasiz-tekstiller\/\" data-type=\"link\" data-id=\"https:\/\/www.eximsel.com\/index.php\/ana-sayfa\/urunlerimiz\/endustriyel-dokumasiz-tekstiller\/\">End\u00fcstriyel Dokumas\u0131z Tekstiller;<\/a><\/strong><\/p>\n\n\n\n<p class=\"has-medium-font-size\"><strong><a href=\"https:\/\/www.eximsel.com\/index.php\/yapi-kimyasallari\/\" data-type=\"link\" data-id=\"https:\/\/www.eximsel.com\/index.php\/yapi-kimyasallari\/\">Yap\u0131 Kimyasallar\u0131;<\/a><\/strong><\/p>\n\n\n\n<p class=\"has-medium-font-size\"><strong><a href=\"https:\/\/www.eximsel.com\/index.php\/civi-ve-teller\/\" data-type=\"link\" data-id=\"https:\/\/www.eximsel.com\/index.php\/civi-ve-teller\/\">\u00c7iviler ve Teller.<\/a><\/strong><\/p>\n\n\n\n<p>Yukar\u0131daki \u00fcr\u00fcnler ve farkl\u0131 \u00fcr\u00fcn talepleriniz i\u00e7in l\u00fctfen bizimle irtibata ge\u00e7iniz.<\/p>\n","protected":false},"excerpt":{"rendered":"<p>Standart olarak \u00fcr\u00fcn portf\u00f6y\u00fcm\u00fczde bulunan in\u015faat malzemeleri \u00fc\u00e7 ayr\u0131 kategori olarak a\u015fa\u011f\u0131da yer almaktad\u0131r: Geotekstil Ke\u00e7e; Ambalaj Battaniyesi; End\u00fcstriyel Dokumas\u0131z Tekstiller; Yap\u0131 Kimyasallar\u0131; \u00c7iviler ve Teller. Yukar\u0131daki \u00fcr\u00fcnler ve farkl\u0131 \u00fcr\u00fcn talepleriniz i\u00e7in l\u00fctfen bizimle irtibata ge\u00e7iniz.<\/p>\n","protected":false},"author":1,"featured_media":0,"parent":8,"menu_order":1,"comment_status":"closed","ping_status":"closed","template":"full-width.php","meta":{"footnotes":""},"class_list":["post-724","page","type-page","status-publish","hentry"],"_links":{"self":[{"href":"https:\/\/www.eximsel.com\/index.php\/wp-json\/wp\/v2\/pages\/724","targetHints":{"allow":["GET"]}}],"collection":[{"href":"https:\/\/www.eximsel.com\/index.php\/wp-json\/wp\/v2\/pages"}],"about":[{"href":"https:\/\/www.eximsel.com\/index.php\/wp-json\/wp\/v2\/types\/page"}],"author":[{"embeddable":true,"href":"https:\/\/www.eximsel.com\/index.php\/wp-json\/wp\/v2\/users\/1"}],"replies":[{"embeddable":true,"href":"https:\/\/www.eximsel.com\/index.php\/wp-json\/wp\/v2\/comments?post=724"}],"version-history":[{"count":10,"href":"https:\/\/www.eximsel.com\/index.php\/wp-json\/wp\/v2\/pages\/724\/revisions"}],"predecessor-version":[{"id":997,"href":"https:\/\/www.eximsel.com\/index.php\/wp-json\/wp\/v2\/pages\/724\/revisions\/997"}],"up":[{"embeddable":true,"href":"https:\/\/www.eximsel.com\/index.php\/wp-json\/wp\/v2\/pages\/8"}],"wp:attachment":[{"href":"https:\/\/www.eximsel.com\/index.php\/wp-json\/wp\/v2\/media?parent=724"}],"curies":[{"name":"wp","href":"https:\/\/api.w.org\/{rel}","templated":true}]}}