{"id":292,"date":"2019-12-21T18:27:06","date_gmt":"2019-12-21T15:27:06","guid":{"rendered":"http:\/\/www.eximsel.com\/?page_id=292"},"modified":"2020-04-15T00:10:22","modified_gmt":"2020-04-14T21:10:22","slug":"tavlanmis-teller","status":"publish","type":"page","link":"https:\/\/www.eximsel.com\/index.php\/ana-sayfa\/urunlerimiz\/civi-ve-teller\/tavlanmis-teller\/","title":{"rendered":"Tavlanm\u0131\u015f Teller"},"content":{"rendered":"\n<div class=\"wp-block-media-text alignwide has-media-on-the-right\" style=\"grid-template-columns:auto 37%\"><figure class=\"wp-block-media-text__media\"><img fetchpriority=\"high\" decoding=\"async\" width=\"664\" height=\"395\" src=\"http:\/\/www.eximsel.com\/wp-content\/uploads\/2019\/12\/02_tavli_tel.gif\" alt=\"\" class=\"wp-image-294\"\/><\/figure><div class=\"wp-block-media-text__content\">\n<p class=\"has-large-font-size\">Tavl\u0131 Tel<\/p>\n\n\n\n<figure class=\"wp-block-table\"><table><tbody><tr><td>\u00d6l\u00e7\u00fc:<\/td><td>1,00-7,50 mm.<\/td><\/tr><tr><td>Paket:<\/td><td>30-250 kg.<\/td><\/tr><tr><td>\u00d6zellik:<\/td><td>1006-1008-1010 Tellik filma\u015fin demirden<\/td><\/tr><\/tbody><\/table><\/figure>\n<\/div><\/div>\n\n\n\n<p><\/p>\n\n\n\n<div class=\"wp-block-media-text alignwide has-media-on-the-right\" style=\"grid-template-columns:auto 37%\"><figure class=\"wp-block-media-text__media\"><img decoding=\"async\" width=\"664\" height=\"395\" src=\"http:\/\/www.eximsel.com\/wp-content\/uploads\/2019\/12\/02_kalin_tavli_tel.gif\" alt=\"\" class=\"wp-image-295\"\/><\/figure><div class=\"wp-block-media-text__content\">\n<p class=\"has-large-font-size\">Kal\u0131n Tavl\u0131 Tel<\/p>\n\n\n\n<figure class=\"wp-block-table\"><table><tbody><tr><td>\u00d6zellik:<\/td><td>1008-1010 \u00c7ivilik filma\u015fin demirden<\/td><\/tr><\/tbody><\/table><\/figure>\n<\/div><\/div>\n\n\n\n<p><\/p>\n\n\n\n<div class=\"wp-block-media-text alignwide has-media-on-the-right\" style=\"grid-template-columns:auto 37%\"><figure class=\"wp-block-media-text__media\"><img decoding=\"async\" width=\"664\" height=\"395\" src=\"http:\/\/www.eximsel.com\/wp-content\/uploads\/2019\/12\/02_ara_tavli_tel.gif\" alt=\"\" class=\"wp-image-297\"\/><\/figure><div class=\"wp-block-media-text__content\">\n<p class=\"has-large-font-size\">Ara Tavl\u0131 Tel<\/p>\n\n\n\n<figure class=\"wp-block-table\"><table><tbody><tr><td>\u00d6zellik:<\/td><td>1008-1010 \u00c7ivilik filma\u015fin demirden<\/td><\/tr><\/tbody><\/table><\/figure>\n<\/div><\/div>\n\n\n\n<p><\/p>\n\n\n\n<div class=\"wp-block-media-text alignwide has-media-on-the-right\" style=\"grid-template-columns:auto 37%\"><figure class=\"wp-block-media-text__media\"><img loading=\"lazy\" decoding=\"async\" width=\"664\" height=\"395\" src=\"http:\/\/www.eximsel.com\/wp-content\/uploads\/2019\/12\/02_yagli_tel.gif\" alt=\"\" class=\"wp-image-298\"\/><\/figure><div class=\"wp-block-media-text__content\">\n<p class=\"has-large-font-size\">Ya\u011fl\u0131 Tel<\/p>\n\n\n\n<figure class=\"wp-block-table\"><table><tbody><tr><td>\u00d6zellik:<\/td><td>1008-1010 \u00c7ivilik filma\u015fin demirden<\/td><\/tr><\/tbody><\/table><\/figure>\n<\/div><\/div>\n\n\n\n<p><\/p>\n\n\n\n<div class=\"wp-block-media-text alignwide has-media-on-the-right\" style=\"grid-template-columns:auto 36%\"><figure class=\"wp-block-media-text__media\"><img loading=\"lazy\" decoding=\"async\" width=\"664\" height=\"395\" src=\"http:\/\/www.eximsel.com\/wp-content\/uploads\/2019\/12\/02_cubuk_tel.gif\" alt=\"\" class=\"wp-image-299\"\/><\/figure><div class=\"wp-block-media-text__content\">\n<p class=\"has-large-font-size\">\u00c7ubuk Tel<\/p>\n\n\n\n<figure class=\"wp-block-table\"><table><tbody><tr><td>\u00d6l\u00e7\u00fc:<\/td><td>Kal\u0131nl\u0131k 2,00-6,00 mm.<br>Boy 2-6 m.<\/td><\/tr><tr><td>Paket:<\/td><td>Ba\u011f<\/td><\/tr><tr><td>\u00d6zellik:<\/td><td>S\u0131cak dald\u0131rma galvaniz ya da so\u011fuk \u00e7ekme telden<\/td><\/tr><\/tbody><\/table><\/figure>\n<\/div><\/div>\n\n\n\n<p><\/p>\n","protected":false},"excerpt":{"rendered":"<p>Tavl\u0131 Tel \u00d6l\u00e7\u00fc: 1,00-7,50 mm. Paket: 30-250 kg. \u00d6zellik: 1006-1008-1010 Tellik filma\u015fin demirden Kal\u0131n Tavl\u0131 Tel \u00d6zellik: 1008-1010 \u00c7ivilik filma\u015fin demirden Ara Tavl\u0131 Tel \u00d6zellik: 1008-1010 \u00c7ivilik filma\u015fin demirden Ya\u011fl\u0131 Tel \u00d6zellik: 1008-1010 \u00c7ivilik filma\u015fin demirden \u00c7ubuk Tel \u00d6l\u00e7\u00fc: Kal\u0131nl\u0131k 2,00-6,00 mm.Boy 2-6 m. Paket: Ba\u011f \u00d6zellik: S\u0131cak dald\u0131rma galvaniz ya da so\u011fuk \u00e7ekme telden<\/p>\n","protected":false},"author":1,"featured_media":0,"parent":638,"menu_order":1,"comment_status":"closed","ping_status":"closed","template":"full-width.php","meta":{"footnotes":""},"class_list":["post-292","page","type-page","status-publish","hentry"],"_links":{"self":[{"href":"https:\/\/www.eximsel.com\/index.php\/wp-json\/wp\/v2\/pages\/292","targetHints":{"allow":["GET"]}}],"collection":[{"href":"https:\/\/www.eximsel.com\/index.php\/wp-json\/wp\/v2\/pages"}],"about":[{"href":"https:\/\/www.eximsel.com\/index.php\/wp-json\/wp\/v2\/types\/page"}],"author":[{"embeddable":true,"href":"https:\/\/www.eximsel.com\/index.php\/wp-json\/wp\/v2\/users\/1"}],"replies":[{"embeddable":true,"href":"https:\/\/www.eximsel.com\/index.php\/wp-json\/wp\/v2\/comments?post=292"}],"version-history":[{"count":6,"href":"https:\/\/www.eximsel.com\/index.php\/wp-json\/wp\/v2\/pages\/292\/revisions"}],"predecessor-version":[{"id":676,"href":"https:\/\/www.eximsel.com\/index.php\/wp-json\/wp\/v2\/pages\/292\/revisions\/676"}],"up":[{"embeddable":true,"href":"https:\/\/www.eximsel.com\/index.php\/wp-json\/wp\/v2\/pages\/638"}],"wp:attachment":[{"href":"https:\/\/www.eximsel.com\/index.php\/wp-json\/wp\/v2\/media?parent=292"}],"curies":[{"name":"wp","href":"https:\/\/api.w.org\/{rel}","templated":true}]}}